{"id":943,"date":"2018-01-30T09:11:46","date_gmt":"2018-01-30T09:11:46","guid":{"rendered":"http:\/\/uaga.php.ds.net\/website\/?page_id=943"},"modified":"2018-03-14T11:08:16","modified_gmt":"2018-03-14T11:08:16","slug":"asesoramiento","status":"publish","type":"page","link":"https:\/\/www.uaga.eus\/eu\/servicios\/asesoramiento\/","title":{"rendered":"Aholkularitza"},"content":{"rendered":"<p>Ofrecemos un servicio de asesoramiento integral de calidad a nuestros afiliados gracias a un conocimiento experto del sector agr\u00edcola y ganadero, para lo que contamos con un equipo t\u00e9cnico constituido por 8 personas con amplia experiencia y formaci\u00f3n especializada en los distintos \u00e1mbitos que afectan al sector agrario:<\/p>\n<h3>Pol\u00edtica Agraria<\/h3>\n<h3>Sectores agr\u00edcolas<\/h3>\n<ul>\n<li>Herb\u00e1ceos<\/li>\n<li>Patata<\/li>\n<li>Remolacha<\/li>\n<li>Vitivinicultura, Interprofesional y C. Regulador de Rioja<\/li>\n<li>Hort\u00edcolas<\/li>\n<li>Agricultura ecol\u00f3gica<\/li>\n<\/ul>\n<h3>Sectores ganaderos<\/h3>\n<ul>\n<li>Vacuno de Leche<\/li>\n<li>Vacuno de Carne<\/li>\n<li>Ovino de leche<\/li>\n<li>Ovino de carne<\/li>\n<li>Ganader\u00eda extensiva<\/li>\n<li>Sanidad, Matadero, Razas Aut\u00f3ctonas<\/li>\n<li>Porcino, Aves y Conejos<\/li>\n<li>Ganader\u00eda Ecol\u00f3gica<\/li>\n<\/ul>\n<h3>Sectores Horizontales<\/h3>\n<ul>\n<li>Infraestructura, PTPs, Condicionalidad y Medio Ambiente<\/li>\n<li>Agua<\/li>\n<li>Migraciones<\/li>\n<li>Laboral, Empleo, Bolsas de Empleo<\/li>\n<li>Acci\u00f3n Rural y Desarrollo Rural<\/li>\n<li>Comercializaci\u00f3n y promoci\u00f3n<\/li>\n<\/ul>\n","protected":false},"excerpt":{"rendered":"<p>Ofrecemos un servicio de asesoramiento integral de calidad a nuestros afiliados gracias a un conocimiento experto del sector agr\u00edcola y ganadero, para lo que contamos con un equipo t\u00e9cnico constituido por 8 personas con amplia experiencia y formaci\u00f3n especializada en los distintos \u00e1mbitos que afectan al sector agrario: Pol\u00edtica Agraria Sectores agr\u00edcolas Herb\u00e1ceos Patata Remolacha [&hellip;]<\/p>\n","protected":false},"author":1,"featured_media":0,"parent":1339,"menu_order":0,"comment_status":"closed","ping_status":"closed","template":"page-templates\/page_fullwidth.php","meta":{"footnotes":""},"yoast_head":"<!-- This site is optimized with the Yoast SEO plugin v21.5 - https:\/\/yoast.com\/wordpress\/plugins\/seo\/ -->\n<title>Aholkularitza - UAGA<\/title>\n<meta name=\"robots\" content=\"index, follow, max-snippet:-1, max-image-preview:large, max-video-preview:-1\" \/>\n<link rel=\"canonical\" href=\"https:\/\/www.uaga.eus\/servicios\/asesoramiento\/\" \/>\n<meta property=\"og:locale\" content=\"en_US\" \/>\n<meta property=\"og:type\" content=\"article\" \/>\n<meta property=\"og:title\" content=\"Aholkularitza - UAGA\" \/>\n<meta property=\"og:description\" content=\"Ofrecemos un servicio de asesoramiento integral de calidad a nuestros afiliados gracias a un conocimiento experto del sector agr\u00edcola y ganadero, para lo que contamos con un equipo t\u00e9cnico constituido por 8 personas con amplia experiencia y formaci\u00f3n especializada en los distintos \u00e1mbitos que afectan al sector agrario: Pol\u00edtica Agraria Sectores agr\u00edcolas Herb\u00e1ceos Patata Remolacha [&hellip;]\" \/>\n<meta property=\"og:url\" content=\"https:\/\/www.uaga.eus\/servicios\/asesoramiento\/\" \/>\n<meta property=\"og:site_name\" content=\"UAGA\" \/>\n<meta property=\"article:modified_time\" content=\"2018-03-14T11:08:16+00:00\" \/>\n<meta name=\"twitter:card\" content=\"summary_large_image\" \/>\n<meta name=\"twitter:label1\" content=\"Est. reading time\" \/>\n\t<meta name=\"twitter:data1\" content=\"1 minutua\" \/>\n<script type=\"application\/ld+json\" class=\"yoast-schema-graph\">{\"@context\":\"https:\/\/schema.org\",\"@graph\":[{\"@type\":\"WebPage\",\"@id\":\"https:\/\/www.uaga.eus\/servicios\/asesoramiento\/\",\"url\":\"https:\/\/www.uaga.eus\/servicios\/asesoramiento\/\",\"name\":\"Aholkularitza - UAGA\",\"isPartOf\":{\"@id\":\"https:\/\/www.uaga.eus\/#website\"},\"datePublished\":\"2018-01-30T09:11:46+00:00\",\"dateModified\":\"2018-03-14T11:08:16+00:00\",\"breadcrumb\":{\"@id\":\"https:\/\/www.uaga.eus\/servicios\/asesoramiento\/#breadcrumb\"},\"inLanguage\":\"eu\",\"potentialAction\":[{\"@type\":\"ReadAction\",\"target\":[\"https:\/\/www.uaga.eus\/servicios\/asesoramiento\/\"]}]},{\"@type\":\"BreadcrumbList\",\"@id\":\"https:\/\/www.uaga.eus\/servicios\/asesoramiento\/#breadcrumb\",\"itemListElement\":[{\"@type\":\"ListItem\",\"position\":1,\"name\":\"Inicio\",\"item\":\"https:\/\/www.uaga.eus\/\"},{\"@type\":\"ListItem\",\"position\":2,\"name\":\"Servicios\",\"item\":\"https:\/\/www.uaga.eus\/servicios\/\"},{\"@type\":\"ListItem\",\"position\":3,\"name\":\"Asesoramiento\"}]},{\"@type\":\"WebSite\",\"@id\":\"https:\/\/www.uaga.eus\/#website\",\"url\":\"https:\/\/www.uaga.eus\/\",\"name\":\"UAGA\",\"description\":\"Uni\u00f3n Agroganadera de \u00c1lava - Araba Nekazarien Elkartea\",\"potentialAction\":[{\"@type\":\"SearchAction\",\"target\":{\"@type\":\"EntryPoint\",\"urlTemplate\":\"https:\/\/www.uaga.eus\/?s={search_term_string}\"},\"query-input\":\"required name=search_term_string\"}],\"inLanguage\":\"eu\"}]}<\/script>\n<!-- \/ Yoast SEO plugin. -->","yoast_head_json":{"title":"Aholkularitza - UAGA","robots":{"index":"index","follow":"follow","max-snippet":"max-snippet:-1","max-image-preview":"max-image-preview:large","max-video-preview":"max-video-preview:-1"},"canonical":"https:\/\/www.uaga.eus\/servicios\/asesoramiento\/","og_locale":"en_US","og_type":"article","og_title":"Aholkularitza - UAGA","og_description":"Ofrecemos un servicio de asesoramiento integral de calidad a nuestros afiliados gracias a un conocimiento experto del sector agr\u00edcola y ganadero, para lo que contamos con un equipo t\u00e9cnico constituido por 8 personas con amplia experiencia y formaci\u00f3n especializada en los distintos \u00e1mbitos que afectan al sector agrario: Pol\u00edtica Agraria Sectores agr\u00edcolas Herb\u00e1ceos Patata Remolacha [&hellip;]","og_url":"https:\/\/www.uaga.eus\/servicios\/asesoramiento\/","og_site_name":"UAGA","article_modified_time":"2018-03-14T11:08:16+00:00","twitter_card":"summary_large_image","twitter_misc":{"Est. reading time":"1 minutua"},"schema":{"@context":"https:\/\/schema.org","@graph":[{"@type":"WebPage","@id":"https:\/\/www.uaga.eus\/servicios\/asesoramiento\/","url":"https:\/\/www.uaga.eus\/servicios\/asesoramiento\/","name":"Aholkularitza - UAGA","isPartOf":{"@id":"https:\/\/www.uaga.eus\/#website"},"datePublished":"2018-01-30T09:11:46+00:00","dateModified":"2018-03-14T11:08:16+00:00","breadcrumb":{"@id":"https:\/\/www.uaga.eus\/servicios\/asesoramiento\/#breadcrumb"},"inLanguage":"eu","potentialAction":[{"@type":"ReadAction","target":["https:\/\/www.uaga.eus\/servicios\/asesoramiento\/"]}]},{"@type":"BreadcrumbList","@id":"https:\/\/www.uaga.eus\/servicios\/asesoramiento\/#breadcrumb","itemListElement":[{"@type":"ListItem","position":1,"name":"Inicio","item":"https:\/\/www.uaga.eus\/"},{"@type":"ListItem","position":2,"name":"Servicios","item":"https:\/\/www.uaga.eus\/servicios\/"},{"@type":"ListItem","position":3,"name":"Asesoramiento"}]},{"@type":"WebSite","@id":"https:\/\/www.uaga.eus\/#website","url":"https:\/\/www.uaga.eus\/","name":"UAGA","description":"Uni\u00f3n Agroganadera de \u00c1lava - Araba Nekazarien Elkartea","potentialAction":[{"@type":"SearchAction","target":{"@type":"EntryPoint","urlTemplate":"https:\/\/www.uaga.eus\/?s={search_term_string}"},"query-input":"required name=search_term_string"}],"inLanguage":"eu"}]}},"_links":{"self":[{"href":"https:\/\/www.uaga.eus\/eu\/wp-json\/wp\/v2\/pages\/943"}],"collection":[{"href":"https:\/\/www.uaga.eus\/eu\/wp-json\/wp\/v2\/pages"}],"about":[{"href":"https:\/\/www.uaga.eus\/eu\/wp-json\/wp\/v2\/types\/page"}],"author":[{"embeddable":true,"href":"https:\/\/www.uaga.eus\/eu\/wp-json\/wp\/v2\/users\/1"}],"replies":[{"embeddable":true,"href":"https:\/\/www.uaga.eus\/eu\/wp-json\/wp\/v2\/comments?post=943"}],"version-history":[{"count":10,"href":"https:\/\/www.uaga.eus\/eu\/wp-json\/wp\/v2\/pages\/943\/revisions"}],"predecessor-version":[{"id":2034,"href":"https:\/\/www.uaga.eus\/eu\/wp-json\/wp\/v2\/pages\/943\/revisions\/2034"}],"up":[{"embeddable":true,"href":"https:\/\/www.uaga.eus\/eu\/wp-json\/wp\/v2\/pages\/1339"}],"wp:attachment":[{"href":"https:\/\/www.uaga.eus\/eu\/wp-json\/wp\/v2\/media?parent=943"}],"curies":[{"name":"wp","href":"https:\/\/api.w.org\/{rel}","templated":true}]}}