{"id":868,"date":"2018-01-26T10:31:38","date_gmt":"2018-01-26T10:31:38","guid":{"rendered":"http:\/\/uaga.php.ds.net\/website\/?page_id=868"},"modified":"2018-11-06T12:36:57","modified_gmt":"2018-11-06T12:36:57","slug":"seguros","status":"publish","type":"page","link":"https:\/\/www.uaga.eus\/eu\/seguros\/","title":{"rendered":"Aseguruak"},"content":{"rendered":"<div id=\"pl-868\"  class=\"panel-layout\" ><div id=\"pg-868-0\"  class=\"panel-grid panel-has-style\" ><div style=\"padding: 0px 0; \" class=\"panel-row-style panel-row-style-for-868-0\" ><div id=\"pgc-868-0-0\"  class=\"panel-grid-cell\" ><div id=\"panel-868-0-0-0\" class=\"so-panel widget widget_sow-editor panel-first-child panel-last-child\" data-index=\"0\" ><div\n\t\t\t\n\t\t\tclass=\"so-widget-sow-editor so-widget-sow-editor-base\"\n\t\t\t\n\t\t>\n<div class=\"siteorigin-widget-tinymce textwidget\">\n\t<p>Fomentamos la contrataci\u00f3n de seguros agrarios<\/p>\n<p>El sector agrario hace frente a riesgos imprevisibles no controlables y a veces de consecuencias catastr\u00f3ficas. Disponer de un instrumento que minimice los riesgos es algo fundamental para la viabilidad de las explotaciones, y la figura del seguro es interesante siempre y cuando se adapte adecuadamente a las necesidades de las distintas necesidades del sector y sea viable econ\u00f3micamente.<\/p>\n<p>En 2018 haremos un an\u00e1lisis de las coberturas y de los costes de asegurar cada una de las l\u00edneas de cultivos y de ganado, tambi\u00e9n de las subvenciones que existen para cada caso.<\/p>\n<p>\u00a0<\/p>\n<\/div>\n<\/div><\/div><\/div><\/div><\/div><div id=\"pg-868-1\"  class=\"panel-grid panel-has-style\" ><div style=\"padding: 0px 0; \" class=\"panel-row-style panel-row-style-for-868-1\" ><div id=\"pgc-868-1-0\"  class=\"panel-grid-cell\" ><div id=\"panel-868-1-0-0\" class=\"so-panel widget widget_sow-image panel-first-child\" data-index=\"1\" ><div\n\t\t\t\n\t\t\tclass=\"so-widget-sow-image so-widget-sow-image-default-8b5b6f678277-868\"\n\t\t\t\n\t\t>\n\n<div class=\"sow-image-container\">\n\t\t\t<a href=\"https:\/\/www.uaga.eus\/eu\/seguros\/seguro-agricola\/\"\n\t\t\t\t\t>\n\t\t\t<img decoding=\"async\" src=\"https:\/\/www.uaga.eus\/wp-content\/uploads\/2018\/03\/seguro-agricola.jpg\" width=\"850\" height=\"650\" srcset=\"https:\/\/www.uaga.eus\/wp-content\/uploads\/2018\/03\/seguro-agricola.jpg 850w, https:\/\/www.uaga.eus\/wp-content\/uploads\/2018\/03\/seguro-agricola-300x229.jpg 300w, https:\/\/www.uaga.eus\/wp-content\/uploads\/2018\/03\/seguro-agricola-768x587.jpg 768w, https:\/\/www.uaga.eus\/wp-content\/uploads\/2018\/03\/seguro-agricola-700x535.jpg 700w, https:\/\/www.uaga.eus\/wp-content\/uploads\/2018\/03\/seguro-agricola-410x314.jpg 410w, https:\/\/www.uaga.eus\/wp-content\/uploads\/2018\/03\/seguro-agricola-100x76.jpg 100w, https:\/\/www.uaga.eus\/wp-content\/uploads\/2018\/03\/seguro-agricola-275x210.jpg 275w\" sizes=\"(max-width: 850px) 100vw, 850px\" alt=\"\" loading=\"lazy\" \t\tclass=\"so-widget-image\"\/>\n\t<\/a><\/div>\n\n<\/div><\/div><div id=\"panel-868-1-0-1\" class=\"so-panel widget widget_sow-headline panel-last-child\" data-index=\"2\" ><div\n\t\t\t\n\t\t\tclass=\"so-widget-sow-headline so-widget-sow-headline-default-809c6ba63723-868\"\n\t\t\t\n\t\t><div class=\"sow-headline-container \">\n\t<h3 class='sow-headline'>\t\t\t\t\t\t<a href=\"https:\/\/www.uaga.eus\/eu\/seguros\/seguro-agricola\/\" >\n\t\t\t\t\tSeguro agr\u00edcola<\/a><\/h3><\/div>\n<\/div><\/div><\/div><div id=\"pgc-868-1-1\"  class=\"panel-grid-cell\" ><div id=\"panel-868-1-1-0\" class=\"so-panel widget widget_sow-image panel-first-child\" data-index=\"3\" ><div\n\t\t\t\n\t\t\tclass=\"so-widget-sow-image so-widget-sow-image-default-8b5b6f678277-868\"\n\t\t\t\n\t\t>\n\n<div class=\"sow-image-container\">\n\t\t\t<a href=\"https:\/\/www.uaga.eus\/eu\/seguros\/seguro-pecuario\/\"\n\t\t\t\t\t>\n\t\t\t<img decoding=\"async\" src=\"https:\/\/www.uaga.eus\/wp-content\/uploads\/2018\/03\/seguro-pecuario.jpg\" width=\"850\" height=\"650\" srcset=\"https:\/\/www.uaga.eus\/wp-content\/uploads\/2018\/03\/seguro-pecuario.jpg 850w, https:\/\/www.uaga.eus\/wp-content\/uploads\/2018\/03\/seguro-pecuario-300x229.jpg 300w, https:\/\/www.uaga.eus\/wp-content\/uploads\/2018\/03\/seguro-pecuario-768x587.jpg 768w, https:\/\/www.uaga.eus\/wp-content\/uploads\/2018\/03\/seguro-pecuario-700x535.jpg 700w, https:\/\/www.uaga.eus\/wp-content\/uploads\/2018\/03\/seguro-pecuario-410x314.jpg 410w, https:\/\/www.uaga.eus\/wp-content\/uploads\/2018\/03\/seguro-pecuario-100x76.jpg 100w, https:\/\/www.uaga.eus\/wp-content\/uploads\/2018\/03\/seguro-pecuario-275x210.jpg 275w\" sizes=\"(max-width: 850px) 100vw, 850px\" alt=\"\" loading=\"lazy\" \t\tclass=\"so-widget-image\"\/>\n\t<\/a><\/div>\n\n<\/div><\/div><div id=\"panel-868-1-1-1\" class=\"so-panel widget widget_sow-headline panel-last-child\" data-index=\"4\" ><div\n\t\t\t\n\t\t\tclass=\"so-widget-sow-headline so-widget-sow-headline-default-809c6ba63723-868\"\n\t\t\t\n\t\t><div class=\"sow-headline-container \">\n\t<h3 class='sow-headline'>\t\t\t\t\t\t<a href=\"https:\/\/www.uaga.eus\/eu\/seguros\/seguro-pecuario\/\" >\n\t\t\t\t\tSeguro pecuario<\/a><\/h3><\/div>\n<\/div><\/div><\/div><div id=\"pgc-868-1-2\"  class=\"panel-grid-cell\" ><div id=\"panel-868-1-2-0\" class=\"so-panel widget widget_sow-image panel-first-child\" data-index=\"5\" ><div\n\t\t\t\n\t\t\tclass=\"so-widget-sow-image so-widget-sow-image-default-8b5b6f678277-868\"\n\t\t\t\n\t\t>\n\n<div class=\"sow-image-container\">\n\t\t\t<a href=\"https:\/\/www.uaga.eus\/eu\/seguros\/seguro-forestal\/\"\n\t\t\t\t\t>\n\t\t\t<img decoding=\"async\" src=\"https:\/\/www.uaga.eus\/wp-content\/uploads\/2018\/03\/seguro-forestal.jpg\" width=\"850\" height=\"650\" srcset=\"https:\/\/www.uaga.eus\/wp-content\/uploads\/2018\/03\/seguro-forestal.jpg 850w, https:\/\/www.uaga.eus\/wp-content\/uploads\/2018\/03\/seguro-forestal-300x229.jpg 300w, https:\/\/www.uaga.eus\/wp-content\/uploads\/2018\/03\/seguro-forestal-768x587.jpg 768w, https:\/\/www.uaga.eus\/wp-content\/uploads\/2018\/03\/seguro-forestal-700x535.jpg 700w, https:\/\/www.uaga.eus\/wp-content\/uploads\/2018\/03\/seguro-forestal-410x314.jpg 410w, https:\/\/www.uaga.eus\/wp-content\/uploads\/2018\/03\/seguro-forestal-100x76.jpg 100w, https:\/\/www.uaga.eus\/wp-content\/uploads\/2018\/03\/seguro-forestal-275x210.jpg 275w\" sizes=\"(max-width: 850px) 100vw, 850px\" alt=\"\" loading=\"lazy\" \t\tclass=\"so-widget-image\"\/>\n\t<\/a><\/div>\n\n<\/div><\/div><div id=\"panel-868-1-2-1\" class=\"so-panel widget widget_sow-headline panel-last-child\" data-index=\"6\" ><div\n\t\t\t\n\t\t\tclass=\"so-widget-sow-headline so-widget-sow-headline-default-809c6ba63723-868\"\n\t\t\t\n\t\t><div class=\"sow-headline-container \">\n\t<h3 class='sow-headline'>\t\t\t\t\t\t<a href=\"https:\/\/www.uaga.eus\/eu\/seguros\/seguro-forestal\/\" >\n\t\t\t\t\tSeguro forestal<\/a><\/h3><\/div>\n<\/div><\/div><\/div><\/div><\/div><\/div>","protected":false},"excerpt":{"rendered":"<p>Fomentamos la contrataci\u00f3n de seguros agrarios El sector agrario hace frente a riesgos imprevisibles no controlables y a veces de consecuencias catastr\u00f3ficas. Disponer de un instrumento que minimice los riesgos es algo fundamental para la viabilidad de las explotaciones, y la figura del seguro es interesante siempre y cuando se adapte adecuadamente a las necesidades [&hellip;]<\/p>\n","protected":false},"author":1,"featured_media":0,"parent":0,"menu_order":0,"comment_status":"closed","ping_status":"closed","template":"","meta":{"footnotes":""},"yoast_head":"<!-- This site is optimized with the Yoast SEO plugin v21.5 - https:\/\/yoast.com\/wordpress\/plugins\/seo\/ -->\n<title>Aseguruak - UAGA<\/title>\n<meta name=\"robots\" content=\"index, follow, max-snippet:-1, max-image-preview:large, max-video-preview:-1\" \/>\n<link rel=\"canonical\" href=\"https:\/\/www.uaga.eus\/seguros\/\" \/>\n<meta property=\"og:locale\" content=\"en_US\" \/>\n<meta property=\"og:type\" content=\"article\" \/>\n<meta property=\"og:title\" content=\"Aseguruak - UAGA\" \/>\n<meta property=\"og:description\" content=\"Fomentamos la contrataci\u00f3n de seguros agrarios El sector agrario hace frente a riesgos imprevisibles no controlables y a veces de consecuencias catastr\u00f3ficas. Disponer de un instrumento que minimice los riesgos es algo fundamental para la viabilidad de las explotaciones, y la figura del seguro es interesante siempre y cuando se adapte adecuadamente a las necesidades [&hellip;]\" \/>\n<meta property=\"og:url\" content=\"https:\/\/www.uaga.eus\/seguros\/\" \/>\n<meta property=\"og:site_name\" content=\"UAGA\" \/>\n<meta property=\"article:modified_time\" content=\"2018-11-06T12:36:57+00:00\" \/>\n<meta name=\"twitter:card\" content=\"summary_large_image\" \/>\n<meta name=\"twitter:label1\" content=\"Est. reading time\" \/>\n\t<meta name=\"twitter:data1\" content=\"1 minutua\" \/>\n<script type=\"application\/ld+json\" class=\"yoast-schema-graph\">{\"@context\":\"https:\/\/schema.org\",\"@graph\":[{\"@type\":\"WebPage\",\"@id\":\"https:\/\/www.uaga.eus\/seguros\/\",\"url\":\"https:\/\/www.uaga.eus\/seguros\/\",\"name\":\"Aseguruak - UAGA\",\"isPartOf\":{\"@id\":\"https:\/\/www.uaga.eus\/#website\"},\"datePublished\":\"2018-01-26T10:31:38+00:00\",\"dateModified\":\"2018-11-06T12:36:57+00:00\",\"breadcrumb\":{\"@id\":\"https:\/\/www.uaga.eus\/seguros\/#breadcrumb\"},\"inLanguage\":\"eu\",\"potentialAction\":[{\"@type\":\"ReadAction\",\"target\":[\"https:\/\/www.uaga.eus\/seguros\/\"]}]},{\"@type\":\"BreadcrumbList\",\"@id\":\"https:\/\/www.uaga.eus\/seguros\/#breadcrumb\",\"itemListElement\":[{\"@type\":\"ListItem\",\"position\":1,\"name\":\"Inicio\",\"item\":\"https:\/\/www.uaga.eus\/\"},{\"@type\":\"ListItem\",\"position\":2,\"name\":\"Seguros\"}]},{\"@type\":\"WebSite\",\"@id\":\"https:\/\/www.uaga.eus\/#website\",\"url\":\"https:\/\/www.uaga.eus\/\",\"name\":\"UAGA\",\"description\":\"Uni\u00f3n Agroganadera de \u00c1lava - Araba Nekazarien Elkartea\",\"potentialAction\":[{\"@type\":\"SearchAction\",\"target\":{\"@type\":\"EntryPoint\",\"urlTemplate\":\"https:\/\/www.uaga.eus\/?s={search_term_string}\"},\"query-input\":\"required name=search_term_string\"}],\"inLanguage\":\"eu\"}]}<\/script>\n<!-- \/ Yoast SEO plugin. -->","yoast_head_json":{"title":"Aseguruak - UAGA","robots":{"index":"index","follow":"follow","max-snippet":"max-snippet:-1","max-image-preview":"max-image-preview:large","max-video-preview":"max-video-preview:-1"},"canonical":"https:\/\/www.uaga.eus\/seguros\/","og_locale":"en_US","og_type":"article","og_title":"Aseguruak - UAGA","og_description":"Fomentamos la contrataci\u00f3n de seguros agrarios El sector agrario hace frente a riesgos imprevisibles no controlables y a veces de consecuencias catastr\u00f3ficas. Disponer de un instrumento que minimice los riesgos es algo fundamental para la viabilidad de las explotaciones, y la figura del seguro es interesante siempre y cuando se adapte adecuadamente a las necesidades [&hellip;]","og_url":"https:\/\/www.uaga.eus\/seguros\/","og_site_name":"UAGA","article_modified_time":"2018-11-06T12:36:57+00:00","twitter_card":"summary_large_image","twitter_misc":{"Est. reading time":"1 minutua"},"schema":{"@context":"https:\/\/schema.org","@graph":[{"@type":"WebPage","@id":"https:\/\/www.uaga.eus\/seguros\/","url":"https:\/\/www.uaga.eus\/seguros\/","name":"Aseguruak - UAGA","isPartOf":{"@id":"https:\/\/www.uaga.eus\/#website"},"datePublished":"2018-01-26T10:31:38+00:00","dateModified":"2018-11-06T12:36:57+00:00","breadcrumb":{"@id":"https:\/\/www.uaga.eus\/seguros\/#breadcrumb"},"inLanguage":"eu","potentialAction":[{"@type":"ReadAction","target":["https:\/\/www.uaga.eus\/seguros\/"]}]},{"@type":"BreadcrumbList","@id":"https:\/\/www.uaga.eus\/seguros\/#breadcrumb","itemListElement":[{"@type":"ListItem","position":1,"name":"Inicio","item":"https:\/\/www.uaga.eus\/"},{"@type":"ListItem","position":2,"name":"Seguros"}]},{"@type":"WebSite","@id":"https:\/\/www.uaga.eus\/#website","url":"https:\/\/www.uaga.eus\/","name":"UAGA","description":"Uni\u00f3n Agroganadera de \u00c1lava - Araba Nekazarien Elkartea","potentialAction":[{"@type":"SearchAction","target":{"@type":"EntryPoint","urlTemplate":"https:\/\/www.uaga.eus\/?s={search_term_string}"},"query-input":"required name=search_term_string"}],"inLanguage":"eu"}]}},"_links":{"self":[{"href":"https:\/\/www.uaga.eus\/eu\/wp-json\/wp\/v2\/pages\/868"}],"collection":[{"href":"https:\/\/www.uaga.eus\/eu\/wp-json\/wp\/v2\/pages"}],"about":[{"href":"https:\/\/www.uaga.eus\/eu\/wp-json\/wp\/v2\/types\/page"}],"author":[{"embeddable":true,"href":"https:\/\/www.uaga.eus\/eu\/wp-json\/wp\/v2\/users\/1"}],"replies":[{"embeddable":true,"href":"https:\/\/www.uaga.eus\/eu\/wp-json\/wp\/v2\/comments?post=868"}],"version-history":[{"count":30,"href":"https:\/\/www.uaga.eus\/eu\/wp-json\/wp\/v2\/pages\/868\/revisions"}],"predecessor-version":[{"id":4799,"href":"https:\/\/www.uaga.eus\/eu\/wp-json\/wp\/v2\/pages\/868\/revisions\/4799"}],"wp:attachment":[{"href":"https:\/\/www.uaga.eus\/eu\/wp-json\/wp\/v2\/media?parent=868"}],"curies":[{"name":"wp","href":"https:\/\/api.w.org\/{rel}","templated":true}]}}