{"id":841,"date":"2017-12-26T13:34:09","date_gmt":"2017-12-26T13:34:09","guid":{"rendered":"http:\/\/uaga.php.ds.net\/website\/?page_id=841"},"modified":"2020-07-01T11:13:22","modified_gmt":"2020-07-01T11:13:22","slug":"innovacion-proyectos-uaga","status":"publish","type":"page","link":"https:\/\/www.uaga.eus\/eu\/innovacion-proyectos-uaga\/","title":{"rendered":"Proyectos UAGA"},"content":{"rendered":"<p>En UAGA debemos velar por la sostenibilidad del sector agrario alav\u00e9s a medio y largo plazo, para lo cu\u00e1l es imprescindible generar conocimiento y mayor valor en el sector, lo que redundar\u00e1 en la mejora de la competitividad de las explotaciones agr\u00edcolas y ganaderas y en la sostenibilidad del sector.<\/p>\n<p>Desde hace varios a\u00f1os nos hemos implicado en distintos proyectos de innovaci\u00f3n, bien liderados por nosotros o por otros agentes con los que colaboramos aportando nuestro conocimiento directo del sector.<\/p>\n<p>El Gobierno Vasco, dentro del PDR 2015-2020, ha creado la Medida de Cooperaci\u00f3n, cofinanciada por la UE y la CAPV, de fomento de la cooperaci\u00f3n entre los distintos agentes del sector para avanzar en la competitividad del medio rural a trav\u00e9s de la innovaci\u00f3n.<\/p>\n<p>Hemos participado en varios proyectos de este programa en los que participan explotaciones agropecuarias, centros de investigaci\u00f3n y otros agentes sectoriales como cooperativas y asociaciones interesadas en resolver problemas y aprovechar oportunidades, mediante el conocimiento y la innovaci\u00f3n, buscando que los resultados obtenidos sean directamente aplicables en campo.<\/p>\n<h2>Todos los proyectos<\/h2>\n<div class=\"col-md-4 col-sm-6\">\r\n<a href=\"https:\/\/www.uaga.eus\/eu\/proyecto\/abeltzan-herramientas-tecnologicas-en-ganaderia-extensiva-ante-la-fauna-silvestre\/\"><img loading=\"lazy\" decoding=\"async\" width=\"1024\" height=\"683\" src=\"https:\/\/www.uaga.eus\/wp-content\/uploads\/2020\/05\/NFM-164-1024x683.jpg\" class=\"attachment-large size-large\" alt=\"Reba\u00f1o de ovejas latxas\" srcset=\"https:\/\/www.uaga.eus\/wp-content\/uploads\/2020\/05\/NFM-164-1024x683.jpg 1024w, https:\/\/www.uaga.eus\/wp-content\/uploads\/2020\/05\/NFM-164-768x512.jpg 768w, https:\/\/www.uaga.eus\/wp-content\/uploads\/2020\/05\/NFM-164-e1588681293333-272x182.jpg 272w\" sizes=\"(max-width: 1024px) 100vw, 1024px\" \/><\/a>\r\n<h3 class=\"entry-title text-center\"><a href=\"https:\/\/www.uaga.eus\/eu\/proyecto\/abeltzan-herramientas-tecnologicas-en-ganaderia-extensiva-ante-la-fauna-silvestre\/\">ABELTZAIN: Herramientas tecnol\u00f3gicas en ganader\u00eda extensiva ante la fauna silvestre<\/a><\/h3>\r\n<\/div><div class=\"col-md-4 col-sm-6\">\r\n<a href=\"https:\/\/www.uaga.eus\/eu\/proyecto\/ecofeed-nuevas-estrategias-para-la-valorizacion-de-los-subproductos-del-cafe-como-materia-prima-para-la-alimentacion-animal\/\"><img loading=\"lazy\" decoding=\"async\" width=\"1024\" height=\"558\" src=\"https:\/\/www.uaga.eus\/wp-content\/uploads\/2021\/01\/ECOFFEED_Imagen-1024x558.jpg\" class=\"attachment-large size-large\" alt=\"Logotipo\" srcset=\"https:\/\/www.uaga.eus\/wp-content\/uploads\/2021\/01\/ECOFFEED_Imagen-1024x558.jpg 1024w, https:\/\/www.uaga.eus\/wp-content\/uploads\/2021\/01\/ECOFFEED_Imagen-300x163.jpg 300w, https:\/\/www.uaga.eus\/wp-content\/uploads\/2021\/01\/ECOFFEED_Imagen-768x418.jpg 768w, https:\/\/www.uaga.eus\/wp-content\/uploads\/2021\/01\/ECOFFEED_Imagen-700x381.jpg 700w, https:\/\/www.uaga.eus\/wp-content\/uploads\/2021\/01\/ECOFFEED_Imagen-410x223.jpg 410w, https:\/\/www.uaga.eus\/wp-content\/uploads\/2021\/01\/ECOFFEED_Imagen-100x54.jpg 100w, https:\/\/www.uaga.eus\/wp-content\/uploads\/2021\/01\/ECOFFEED_Imagen-275x150.jpg 275w, https:\/\/www.uaga.eus\/wp-content\/uploads\/2021\/01\/ECOFFEED_Imagen-e1611317495494.jpg 650w\" sizes=\"(max-width: 1024px) 100vw, 1024px\" \/><\/a>\r\n<h3 class=\"entry-title text-center\"><a href=\"https:\/\/www.uaga.eus\/eu\/proyecto\/ecofeed-nuevas-estrategias-para-la-valorizacion-de-los-subproductos-del-cafe-como-materia-prima-para-la-alimentacion-animal\/\">ECOFEED. Nuevas estrategias para la valorizaci\u00f3n de los subproductos del caf\u00e9 como materia prima para la alimentaci\u00f3n animal (2020-2024)<\/a><\/h3>\r\n<\/div><div class=\"col-md-4 col-sm-6\">\r\n<a href=\"https:\/\/www.uaga.eus\/eu\/proyecto\/forrajes\/\"><img loading=\"lazy\" decoding=\"async\" width=\"1024\" height=\"783\" src=\"https:\/\/www.uaga.eus\/wp-content\/uploads\/2019\/06\/forrajes-1024x783.jpg\" class=\"attachment-large size-large\" alt=\"Proyecto Forrajes\" srcset=\"https:\/\/www.uaga.eus\/wp-content\/uploads\/2019\/06\/forrajes-1024x783.jpg 1024w, https:\/\/www.uaga.eus\/wp-content\/uploads\/2019\/06\/forrajes-300x229.jpg 300w, https:\/\/www.uaga.eus\/wp-content\/uploads\/2019\/06\/forrajes-768x587.jpg 768w, https:\/\/www.uaga.eus\/wp-content\/uploads\/2019\/06\/forrajes-700x535.jpg 700w, https:\/\/www.uaga.eus\/wp-content\/uploads\/2019\/06\/forrajes-410x313.jpg 410w, https:\/\/www.uaga.eus\/wp-content\/uploads\/2019\/06\/forrajes-100x76.jpg 100w, https:\/\/www.uaga.eus\/wp-content\/uploads\/2019\/06\/forrajes-275x210.jpg 275w, https:\/\/www.uaga.eus\/wp-content\/uploads\/2019\/06\/forrajes.jpg 1091w\" sizes=\"(max-width: 1024px) 100vw, 1024px\" \/><\/a>\r\n<h3 class=\"entry-title text-center\"><a href=\"https:\/\/www.uaga.eus\/eu\/proyecto\/forrajes\/\">Elaboraci\u00f3n de forrajes de calidad para ganaderos<\/a><\/h3>\r\n<\/div><div class=\"col-md-4 col-sm-6\">\r\n<a href=\"https:\/\/www.uaga.eus\/eu\/proyecto\/euskoekosoja\/\"><img loading=\"lazy\" decoding=\"async\" width=\"650\" height=\"366\" src=\"https:\/\/www.uaga.eus\/wp-content\/uploads\/2025\/11\/Ensayo-de-soja-en-Neiker.jpg\" class=\"attachment-large size-large\" alt=\"\" srcset=\"https:\/\/www.uaga.eus\/wp-content\/uploads\/2025\/11\/Ensayo-de-soja-en-Neiker.jpg 650w, https:\/\/www.uaga.eus\/wp-content\/uploads\/2025\/11\/Ensayo-de-soja-en-Neiker-300x169.jpg 300w, https:\/\/www.uaga.eus\/wp-content\/uploads\/2025\/11\/Ensayo-de-soja-en-Neiker-410x231.jpg 410w, https:\/\/www.uaga.eus\/wp-content\/uploads\/2025\/11\/Ensayo-de-soja-en-Neiker-100x56.jpg 100w, https:\/\/www.uaga.eus\/wp-content\/uploads\/2025\/11\/Ensayo-de-soja-en-Neiker-275x155.jpg 275w\" sizes=\"(max-width: 650px) 100vw, 650px\" \/><\/a>\r\n<h3 class=\"entry-title text-center\"><a href=\"https:\/\/www.uaga.eus\/eu\/proyecto\/euskoekosoja\/\">EuskoEkoSoja<\/a><\/h3>\r\n<\/div><div class=\"col-md-4 col-sm-6\">\r\n<a href=\"https:\/\/www.uaga.eus\/eu\/proyecto\/go-dron-safe\/\"><img loading=\"lazy\" decoding=\"async\" width=\"1024\" height=\"571\" src=\"https:\/\/www.uaga.eus\/wp-content\/uploads\/2025\/03\/250326-jornada-dron-safe-valencia-scaled-e1743171426636-1024x571.jpg\" class=\"attachment-large size-large\" alt=\"\" srcset=\"https:\/\/www.uaga.eus\/wp-content\/uploads\/2025\/03\/250326-jornada-dron-safe-valencia-scaled-e1743171426636-1024x571.jpg 1024w, https:\/\/www.uaga.eus\/wp-content\/uploads\/2025\/03\/250326-jornada-dron-safe-valencia-scaled-e1743171426636-300x167.jpg 300w, https:\/\/www.uaga.eus\/wp-content\/uploads\/2025\/03\/250326-jornada-dron-safe-valencia-scaled-e1743171426636-768x428.jpg 768w, https:\/\/www.uaga.eus\/wp-content\/uploads\/2025\/03\/250326-jornada-dron-safe-valencia-scaled-e1743171426636-1536x856.jpg 1536w, https:\/\/www.uaga.eus\/wp-content\/uploads\/2025\/03\/250326-jornada-dron-safe-valencia-scaled-e1743171426636-700x390.jpg 700w, https:\/\/www.uaga.eus\/wp-content\/uploads\/2025\/03\/250326-jornada-dron-safe-valencia-scaled-e1743171426636-410x228.jpg 410w, https:\/\/www.uaga.eus\/wp-content\/uploads\/2025\/03\/250326-jornada-dron-safe-valencia-scaled-e1743171426636-100x56.jpg 100w, https:\/\/www.uaga.eus\/wp-content\/uploads\/2025\/03\/250326-jornada-dron-safe-valencia-scaled-e1743171426636-275x153.jpg 275w\" sizes=\"(max-width: 1024px) 100vw, 1024px\" \/><\/a>\r\n<h3 class=\"entry-title text-center\"><a href=\"https:\/\/www.uaga.eus\/eu\/proyecto\/go-dron-safe\/\">GO DRON SAFE. Aplicaci\u00f3n de productos fitosanitarios con drones como herramienta para disminuir la exposici\u00f3n<\/a><\/h3>\r\n<\/div><div class=\"col-md-4 col-sm-6\">\r\n<a href=\"https:\/\/www.uaga.eus\/eu\/proyecto\/go-drone-optimizacion-de-la-aplicacion-de-fitosanitarios-mediante-la-combinacion-de-la-inteligencia-artificial-y-el-uso-de-drones\/\"><img loading=\"lazy\" decoding=\"async\" width=\"1024\" height=\"683\" src=\"https:\/\/www.uaga.eus\/wp-content\/uploads\/2023\/03\/drone-2734228-1024x683.jpg\" class=\"attachment-large size-large\" alt=\"Dron en finca agricola\" srcset=\"https:\/\/www.uaga.eus\/wp-content\/uploads\/2023\/03\/drone-2734228-1024x683.jpg 1024w, https:\/\/www.uaga.eus\/wp-content\/uploads\/2023\/03\/drone-2734228-300x200.jpg 300w, https:\/\/www.uaga.eus\/wp-content\/uploads\/2023\/03\/drone-2734228-768x512.jpg 768w, https:\/\/www.uaga.eus\/wp-content\/uploads\/2023\/03\/drone-2734228-e1680178546469.jpg 700w, https:\/\/www.uaga.eus\/wp-content\/uploads\/2023\/03\/drone-2734228-410x273.jpg 410w, https:\/\/www.uaga.eus\/wp-content\/uploads\/2023\/03\/drone-2734228-100x67.jpg 100w, https:\/\/www.uaga.eus\/wp-content\/uploads\/2023\/03\/drone-2734228-275x183.jpg 275w, https:\/\/www.uaga.eus\/wp-content\/uploads\/2023\/03\/drone-2734228-272x182.jpg 272w\" sizes=\"(max-width: 1024px) 100vw, 1024px\" \/><\/a>\r\n<h3 class=\"entry-title text-center\"><a href=\"https:\/\/www.uaga.eus\/eu\/proyecto\/go-drone-optimizacion-de-la-aplicacion-de-fitosanitarios-mediante-la-combinacion-de-la-inteligencia-artificial-y-el-uso-de-drones\/\">GO DRONE. Optimizaci\u00f3n de la aplicaci\u00f3n de fitosanitarios mediante la combinaci\u00f3n de la inteligencia artificial y el uso de Drones<\/a><\/h3>\r\n<\/div><div class=\"col-md-4 col-sm-6\">\r\n<a href=\"https:\/\/www.uaga.eus\/eu\/proyecto\/go-meteogarbi-evaluacion-y-fomento-de-sistemas-de-estimacion-de-riesgo-de-enfermedades-de-cultivos-basados-en-estaciones-meteorologicas-virtuales\/\"><img loading=\"lazy\" decoding=\"async\" width=\"1024\" height=\"810\" src=\"https:\/\/www.uaga.eus\/wp-content\/uploads\/2026\/01\/P11_01-e1767605345834-1024x810.jpg\" class=\"attachment-large size-large\" alt=\"\" srcset=\"https:\/\/www.uaga.eus\/wp-content\/uploads\/2026\/01\/P11_01-e1767605345834-1024x810.jpg 1024w, https:\/\/www.uaga.eus\/wp-content\/uploads\/2026\/01\/P11_01-e1767605345834-768x607.jpg 768w, https:\/\/www.uaga.eus\/wp-content\/uploads\/2026\/01\/P11_01-e1767605345834-700x554.jpg 700w\" sizes=\"(max-width: 1024px) 100vw, 1024px\" \/><\/a>\r\n<h3 class=\"entry-title text-center\"><a href=\"https:\/\/www.uaga.eus\/eu\/proyecto\/go-meteogarbi-evaluacion-y-fomento-de-sistemas-de-estimacion-de-riesgo-de-enfermedades-de-cultivos-basados-en-estaciones-meteorologicas-virtuales\/\">Go-METEOGARBI: Evaluaci\u00f3n y fomento de sistemas de estimaci\u00f3n de riesgo de enfermedades de cultivos basados en estaciones meteorol\u00f3gicas virtuales<\/a><\/h3>\r\n<\/div><div class=\"col-md-4 col-sm-6\">\r\n<a href=\"https:\/\/www.uaga.eus\/eu\/proyecto\/lekaleak-diversificacion-de-la-orientacion-productiva-en-euskadi-mediante-la-produccion-local-de-proteina-vegetal-para-su-aplicacion-en-industria-alimentaria\/\"><img loading=\"lazy\" decoding=\"async\" width=\"650\" height=\"281\" src=\"https:\/\/www.uaga.eus\/wp-content\/uploads\/2023\/03\/lekaleak-financiaci\u00f3n.png\" class=\"attachment-large size-large\" alt=\"Logo Lekaleak\" srcset=\"https:\/\/www.uaga.eus\/wp-content\/uploads\/2023\/03\/lekaleak-financiaci\u00f3n.png 650w, https:\/\/www.uaga.eus\/wp-content\/uploads\/2023\/03\/lekaleak-financiaci\u00f3n-300x130.png 300w, https:\/\/www.uaga.eus\/wp-content\/uploads\/2023\/03\/lekaleak-financiaci\u00f3n-410x177.png 410w, https:\/\/www.uaga.eus\/wp-content\/uploads\/2023\/03\/lekaleak-financiaci\u00f3n-100x43.png 100w, https:\/\/www.uaga.eus\/wp-content\/uploads\/2023\/03\/lekaleak-financiaci\u00f3n-275x119.png 275w\" sizes=\"(max-width: 650px) 100vw, 650px\" \/><\/a>\r\n<h3 class=\"entry-title text-center\"><a href=\"https:\/\/www.uaga.eus\/eu\/proyecto\/lekaleak-diversificacion-de-la-orientacion-productiva-en-euskadi-mediante-la-produccion-local-de-proteina-vegetal-para-su-aplicacion-en-industria-alimentaria\/\">LEKALEAK. Diversificaci\u00f3n de la orientaci\u00f3n productiva en Euskadi mediante la producci\u00f3n local de prote\u00edna vegetal para su aplicaci\u00f3n en industria alimentaria<\/a><\/h3>\r\n<\/div><div class=\"col-md-4 col-sm-6\">\r\n<a href=\"https:\/\/www.uaga.eus\/eu\/proyecto\/proyecto-5\/\"><img loading=\"lazy\" decoding=\"async\" width=\"1024\" height=\"768\" src=\"https:\/\/www.uaga.eus\/wp-content\/uploads\/2018\/03\/IMG_20180829_114303-1024x768.jpg\" class=\"attachment-large size-large\" alt=\"\" srcset=\"https:\/\/www.uaga.eus\/wp-content\/uploads\/2018\/03\/IMG_20180829_114303-1024x768.jpg 1024w, https:\/\/www.uaga.eus\/wp-content\/uploads\/2018\/03\/IMG_20180829_114303-300x225.jpg 300w, https:\/\/www.uaga.eus\/wp-content\/uploads\/2018\/03\/IMG_20180829_114303-768x576.jpg 768w, https:\/\/www.uaga.eus\/wp-content\/uploads\/2018\/03\/IMG_20180829_114303-700x525.jpg 700w, https:\/\/www.uaga.eus\/wp-content\/uploads\/2018\/03\/IMG_20180829_114303-410x308.jpg 410w, https:\/\/www.uaga.eus\/wp-content\/uploads\/2018\/03\/IMG_20180829_114303-100x75.jpg 100w, https:\/\/www.uaga.eus\/wp-content\/uploads\/2018\/03\/IMG_20180829_114303-275x206.jpg 275w\" sizes=\"(max-width: 1024px) 100vw, 1024px\" \/><\/a>\r\n<h3 class=\"entry-title text-center\"><a href=\"https:\/\/www.uaga.eus\/eu\/proyecto\/proyecto-5\/\">Lupulus<\/a><\/h3>\r\n<\/div><div class=\"col-md-4 col-sm-6\">\r\n<a href=\"https:\/\/www.uaga.eus\/eu\/proyecto\/nekadi-go-plataforma-colaborativa-de-evaluacion-y-fomento-de-la-agricultura-de-precision-2022-2023\/\"><img loading=\"lazy\" decoding=\"async\" width=\"1024\" height=\"694\" src=\"https:\/\/www.uaga.eus\/wp-content\/uploads\/2022\/09\/Imagen-GPS-Agric.-Precisi\u00f3n-1024x694.jpeg\" class=\"attachment-large size-large\" alt=\"\" srcset=\"https:\/\/www.uaga.eus\/wp-content\/uploads\/2022\/09\/Imagen-GPS-Agric.-Precisi\u00f3n-1024x694.jpeg 1024w, https:\/\/www.uaga.eus\/wp-content\/uploads\/2022\/09\/Imagen-GPS-Agric.-Precisi\u00f3n-300x203.jpeg 300w, https:\/\/www.uaga.eus\/wp-content\/uploads\/2022\/09\/Imagen-GPS-Agric.-Precisi\u00f3n-768x520.jpeg 768w, https:\/\/www.uaga.eus\/wp-content\/uploads\/2022\/09\/Imagen-GPS-Agric.-Precisi\u00f3n-e1662031439105.jpeg 700w, https:\/\/www.uaga.eus\/wp-content\/uploads\/2022\/09\/Imagen-GPS-Agric.-Precisi\u00f3n-410x278.jpeg 410w, https:\/\/www.uaga.eus\/wp-content\/uploads\/2022\/09\/Imagen-GPS-Agric.-Precisi\u00f3n-100x68.jpeg 100w, https:\/\/www.uaga.eus\/wp-content\/uploads\/2022\/09\/Imagen-GPS-Agric.-Precisi\u00f3n-275x186.jpeg 275w\" sizes=\"(max-width: 1024px) 100vw, 1024px\" \/><\/a>\r\n<h3 class=\"entry-title text-center\"><a href=\"https:\/\/www.uaga.eus\/eu\/proyecto\/nekadi-go-plataforma-colaborativa-de-evaluacion-y-fomento-de-la-agricultura-de-precision-2022-2023\/\">NEKADI-GO. Plataforma colaborativa de evaluaci\u00f3n y fomento de la agricultura de precisi\u00f3n  (2022-2023)<\/a><\/h3>\r\n<\/div><div class=\"col-md-4 col-sm-6\">\r\n<a href=\"https:\/\/www.uaga.eus\/eu\/proyecto\/rotagro-diversificacion-de-las-rotaciones-de-las-explotaciones-de-alava-con-cultivos-de-valor-anadido-agronomico-y-social-2022-2023\/\"><img loading=\"lazy\" decoding=\"async\" width=\"1024\" height=\"768\" src=\"https:\/\/www.uaga.eus\/wp-content\/uploads\/2022\/09\/cesta-productos-1024x768.jpg\" class=\"attachment-large size-large\" alt=\"\" srcset=\"https:\/\/www.uaga.eus\/wp-content\/uploads\/2022\/09\/cesta-productos-1024x768.jpg 1024w, https:\/\/www.uaga.eus\/wp-content\/uploads\/2022\/09\/cesta-productos-768x576.jpg 768w, https:\/\/www.uaga.eus\/wp-content\/uploads\/2022\/09\/cesta-productos-700x525.jpg 700w\" sizes=\"(max-width: 1024px) 100vw, 1024px\" \/><\/a>\r\n<h3 class=\"entry-title text-center\"><a href=\"https:\/\/www.uaga.eus\/eu\/proyecto\/rotagro-diversificacion-de-las-rotaciones-de-las-explotaciones-de-alava-con-cultivos-de-valor-anadido-agronomico-y-social-2022-2023\/\">ROTAGRO. Diversificaci\u00f3n de las rotaciones de las explotaciones de \u00c1lava con cultivos de valor a\u00f1adido agron\u00f3mico y social (2022-2023)<\/a><\/h3>\r\n<\/div><div class=\"col-md-4 col-sm-6\">\r\n<a href=\"https:\/\/www.uaga.eus\/eu\/proyecto\/utgnogal-gestion-para-la-implantar-frutales-de-cascara-en-la-capv-2019-2021\/\"><img loading=\"lazy\" decoding=\"async\" width=\"1024\" height=\"784\" src=\"https:\/\/www.uaga.eus\/wp-content\/uploads\/2020\/05\/Nogal-002-e1590400909829-1024x784.jpg\" class=\"attachment-large size-large\" alt=\"\" srcset=\"https:\/\/www.uaga.eus\/wp-content\/uploads\/2020\/05\/Nogal-002-e1590400909829-1024x784.jpg 1024w, https:\/\/www.uaga.eus\/wp-content\/uploads\/2020\/05\/Nogal-002-e1590400909829-300x230.jpg 300w, https:\/\/www.uaga.eus\/wp-content\/uploads\/2020\/05\/Nogal-002-e1590400909829-768x588.jpg 768w, https:\/\/www.uaga.eus\/wp-content\/uploads\/2020\/05\/Nogal-002-e1590400909829-700x536.jpg 700w, https:\/\/www.uaga.eus\/wp-content\/uploads\/2020\/05\/Nogal-002-e1590400909829-410x314.jpg 410w, https:\/\/www.uaga.eus\/wp-content\/uploads\/2020\/05\/Nogal-002-e1590400909829-100x77.jpg 100w, https:\/\/www.uaga.eus\/wp-content\/uploads\/2020\/05\/Nogal-002-e1590400909829-275x211.jpg 275w, https:\/\/www.uaga.eus\/wp-content\/uploads\/2020\/05\/Nogal-002-e1590400909829.jpg 1881w\" sizes=\"(max-width: 1024px) 100vw, 1024px\" \/><\/a>\r\n<h3 class=\"entry-title text-center\"><a href=\"https:\/\/www.uaga.eus\/eu\/proyecto\/utgnogal-gestion-para-la-implantar-frutales-de-cascara-en-la-capv-2019-2021\/\">UTGNOGAL. Plan Piloto de Gesti\u00f3n T\u00e9cnica para la implantaci\u00f3n de frutales de c\u00e1scara, en la CAPV (2019-2020)<\/a><\/h3>\r\n<\/div><span class=\"pods-pagination-advanced \">\n\t\n\t<span class=\"pods-pagination-number pods-pagination-current \">1<\/span>\n\n\t\t\t<a href=\"\/eu\/wp-json\/wp\/v2\/pages\/841?pg=2\" class=\"pods-pagination-number pods-pagination-last pods-pagination-2 \">2<\/a>\n\t\t\t\t\t<a href=\"\/eu\/wp-json\/wp\/v2\/pages\/841?pg=2\" class=\"pods-pagination-label pods-pagination-next \">Siguiente &rsaquo;<\/a>\n\t\t\t\t\t\t\t<a href=\"\/eu\/wp-json\/wp\/v2\/pages\/841?pg=2\" class=\"pods-pagination-label pods-pagination-last \">\u00daltimo &raquo;<\/a>\n\t\t\t\t\n<\/span>\n\n<p>&nbsp;<\/p>","protected":false},"excerpt":{"rendered":"<p>En UAGA debemos velar por la sostenibilidad del sector agrario alav\u00e9s a medio y largo plazo, para lo cu\u00e1l es imprescindible generar conocimiento y mayor valor en el sector, lo que redundar\u00e1 en la mejora de la competitividad de las explotaciones agr\u00edcolas y ganaderas y en la sostenibilidad del sector. Desde hace varios a\u00f1os nos [&hellip;]<\/p>\n","protected":false},"author":1,"featured_media":0,"parent":0,"menu_order":0,"comment_status":"closed","ping_status":"closed","template":"","meta":{"footnotes":""},"yoast_head":"<!-- This site is optimized with the Yoast SEO plugin v21.5 - https:\/\/yoast.com\/wordpress\/plugins\/seo\/ -->\n<title>Proyectos UAGA - UAGA<\/title>\n<meta name=\"robots\" content=\"index, follow, max-snippet:-1, max-image-preview:large, max-video-preview:-1\" \/>\n<link rel=\"canonical\" href=\"https:\/\/www.uaga.eus\/innovacion-proyectos-uaga\/\" \/>\n<meta property=\"og:locale\" content=\"en_US\" \/>\n<meta property=\"og:type\" content=\"article\" \/>\n<meta property=\"og:title\" content=\"Proyectos UAGA - UAGA\" \/>\n<meta property=\"og:description\" content=\"En UAGA debemos velar por la sostenibilidad del sector agrario alav\u00e9s a medio y largo plazo, para lo cu\u00e1l es imprescindible generar conocimiento y mayor valor en el sector, lo que redundar\u00e1 en la mejora de la competitividad de las explotaciones agr\u00edcolas y ganaderas y en la sostenibilidad del sector. Desde hace varios a\u00f1os nos [&hellip;]\" \/>\n<meta property=\"og:url\" content=\"https:\/\/www.uaga.eus\/innovacion-proyectos-uaga\/\" \/>\n<meta property=\"og:site_name\" content=\"UAGA\" \/>\n<meta property=\"article:modified_time\" content=\"2020-07-01T11:13:22+00:00\" \/>\n<meta name=\"twitter:card\" content=\"summary_large_image\" \/>\n<meta name=\"twitter:label1\" content=\"Est. reading time\" \/>\n\t<meta name=\"twitter:data1\" content=\"2 minutua\" \/>\n<script type=\"application\/ld+json\" class=\"yoast-schema-graph\">{\"@context\":\"https:\/\/schema.org\",\"@graph\":[{\"@type\":\"WebPage\",\"@id\":\"https:\/\/www.uaga.eus\/innovacion-proyectos-uaga\/\",\"url\":\"https:\/\/www.uaga.eus\/innovacion-proyectos-uaga\/\",\"name\":\"Proyectos UAGA - UAGA\",\"isPartOf\":{\"@id\":\"https:\/\/www.uaga.eus\/#website\"},\"datePublished\":\"2017-12-26T13:34:09+00:00\",\"dateModified\":\"2020-07-01T11:13:22+00:00\",\"breadcrumb\":{\"@id\":\"https:\/\/www.uaga.eus\/innovacion-proyectos-uaga\/#breadcrumb\"},\"inLanguage\":\"eu\",\"potentialAction\":[{\"@type\":\"ReadAction\",\"target\":[\"https:\/\/www.uaga.eus\/innovacion-proyectos-uaga\/\"]}]},{\"@type\":\"BreadcrumbList\",\"@id\":\"https:\/\/www.uaga.eus\/innovacion-proyectos-uaga\/#breadcrumb\",\"itemListElement\":[{\"@type\":\"ListItem\",\"position\":1,\"name\":\"Inicio\",\"item\":\"https:\/\/www.uaga.eus\/\"},{\"@type\":\"ListItem\",\"position\":2,\"name\":\"Proyectos UAGA\"}]},{\"@type\":\"WebSite\",\"@id\":\"https:\/\/www.uaga.eus\/#website\",\"url\":\"https:\/\/www.uaga.eus\/\",\"name\":\"UAGA\",\"description\":\"Uni\u00f3n Agroganadera de \u00c1lava - Araba Nekazarien Elkartea\",\"potentialAction\":[{\"@type\":\"SearchAction\",\"target\":{\"@type\":\"EntryPoint\",\"urlTemplate\":\"https:\/\/www.uaga.eus\/?s={search_term_string}\"},\"query-input\":\"required name=search_term_string\"}],\"inLanguage\":\"eu\"}]}<\/script>\n<!-- \/ Yoast SEO plugin. -->","yoast_head_json":{"title":"Proyectos UAGA - UAGA","robots":{"index":"index","follow":"follow","max-snippet":"max-snippet:-1","max-image-preview":"max-image-preview:large","max-video-preview":"max-video-preview:-1"},"canonical":"https:\/\/www.uaga.eus\/innovacion-proyectos-uaga\/","og_locale":"en_US","og_type":"article","og_title":"Proyectos UAGA - UAGA","og_description":"En UAGA debemos velar por la sostenibilidad del sector agrario alav\u00e9s a medio y largo plazo, para lo cu\u00e1l es imprescindible generar conocimiento y mayor valor en el sector, lo que redundar\u00e1 en la mejora de la competitividad de las explotaciones agr\u00edcolas y ganaderas y en la sostenibilidad del sector. Desde hace varios a\u00f1os nos [&hellip;]","og_url":"https:\/\/www.uaga.eus\/innovacion-proyectos-uaga\/","og_site_name":"UAGA","article_modified_time":"2020-07-01T11:13:22+00:00","twitter_card":"summary_large_image","twitter_misc":{"Est. reading time":"2 minutua"},"schema":{"@context":"https:\/\/schema.org","@graph":[{"@type":"WebPage","@id":"https:\/\/www.uaga.eus\/innovacion-proyectos-uaga\/","url":"https:\/\/www.uaga.eus\/innovacion-proyectos-uaga\/","name":"Proyectos UAGA - UAGA","isPartOf":{"@id":"https:\/\/www.uaga.eus\/#website"},"datePublished":"2017-12-26T13:34:09+00:00","dateModified":"2020-07-01T11:13:22+00:00","breadcrumb":{"@id":"https:\/\/www.uaga.eus\/innovacion-proyectos-uaga\/#breadcrumb"},"inLanguage":"eu","potentialAction":[{"@type":"ReadAction","target":["https:\/\/www.uaga.eus\/innovacion-proyectos-uaga\/"]}]},{"@type":"BreadcrumbList","@id":"https:\/\/www.uaga.eus\/innovacion-proyectos-uaga\/#breadcrumb","itemListElement":[{"@type":"ListItem","position":1,"name":"Inicio","item":"https:\/\/www.uaga.eus\/"},{"@type":"ListItem","position":2,"name":"Proyectos UAGA"}]},{"@type":"WebSite","@id":"https:\/\/www.uaga.eus\/#website","url":"https:\/\/www.uaga.eus\/","name":"UAGA","description":"Uni\u00f3n Agroganadera de \u00c1lava - Araba Nekazarien Elkartea","potentialAction":[{"@type":"SearchAction","target":{"@type":"EntryPoint","urlTemplate":"https:\/\/www.uaga.eus\/?s={search_term_string}"},"query-input":"required name=search_term_string"}],"inLanguage":"eu"}]}},"_links":{"self":[{"href":"https:\/\/www.uaga.eus\/eu\/wp-json\/wp\/v2\/pages\/841"}],"collection":[{"href":"https:\/\/www.uaga.eus\/eu\/wp-json\/wp\/v2\/pages"}],"about":[{"href":"https:\/\/www.uaga.eus\/eu\/wp-json\/wp\/v2\/types\/page"}],"author":[{"embeddable":true,"href":"https:\/\/www.uaga.eus\/eu\/wp-json\/wp\/v2\/users\/1"}],"replies":[{"embeddable":true,"href":"https:\/\/www.uaga.eus\/eu\/wp-json\/wp\/v2\/comments?post=841"}],"version-history":[{"count":23,"href":"https:\/\/www.uaga.eus\/eu\/wp-json\/wp\/v2\/pages\/841\/revisions"}],"predecessor-version":[{"id":7768,"href":"https:\/\/www.uaga.eus\/eu\/wp-json\/wp\/v2\/pages\/841\/revisions\/7768"}],"wp:attachment":[{"href":"https:\/\/www.uaga.eus\/eu\/wp-json\/wp\/v2\/media?parent=841"}],"curies":[{"name":"wp","href":"https:\/\/api.w.org\/{rel}","templated":true}]}}