{"id":1355,"date":"2018-03-01T09:45:19","date_gmt":"2018-03-01T09:45:19","guid":{"rendered":"http:\/\/www.uaga.eus\/?page_id=1355"},"modified":"2018-03-19T07:11:12","modified_gmt":"2018-03-19T07:11:12","slug":"comercializacion-promocion-transformacion","status":"publish","type":"page","link":"https:\/\/www.uaga.eus\/eu\/servicios\/comercializacion-promocion-transformacion\/","title":{"rendered":"Merkaturatzea, sustapena eta eraldaketa"},"content":{"rendered":"<p>La comercializaci\u00f3n y transformaci\u00f3n de nuestros productos es uno de los temas clave a futuro para nuestro sector, generar valor a\u00f1adido a nuestros productos es el gran reto.<\/p>\n<p><strong>BASERRIKOA, nuevo etiquetado para el queso DO IDIAZABAL<\/strong><\/p>\n<p>El etiquetado Baserrikoa, aprobado este a\u00f1o, proporcionar\u00e1 al consumidor informaci\u00f3n complementaria sobre los quesos elaborados en cada caser\u00edo exclusivamente con leche de la propia explotaci\u00f3n.<\/p>\n<p>Se trata de posicionar las producciones de las explotaciones, manteniendo o mejorando el control sobre la autenticidad del producto. innovando y diversificando dentro de la DO, para que cada cliente encuentre lo que m\u00e1s le interesa, como sucede en otras muchas denominaciones que proporcionan informaci\u00f3n sobre variedades, elaboraci\u00f3n, maduraci\u00f3n, etc.<\/p>\n<p><strong>Diferenciaci\u00f3n de los vinos de RIOJA ALAVESA en el etiquetado<\/strong><\/p>\n<p>Por fin el Consejo Regulador de la DOC RIOJA ha tenido en cuenta la reivindicaci\u00f3n del sector vit\u00edvin\u00edcola en Rioja Alavesa respecto a la diferenciaci\u00f3n de nuestros vinos, pudiendo ya mencionar RIOJA ALAVESA en las etiquetas de los vinos producidos en nuestra comarca a igual tama\u00f1o de letra que RIOJA.<\/p>\n<p>Se puede aplicar el nombre de la subzona al vino cuando proceda exclusivamente de uva de esa subzona de producci\u00f3n y su elaboraci\u00f3n, crianza, en su caso, y embotellado, se realice en la misma y se ajuste a determinadas condiciones anal\u00edticas (grado alcoh\u00f3lico adquirido m\u00ednimo).<\/p>\n<p><strong>Promovemos el consumo de los productos locales<\/strong><br \/>\nPromover otro modelo de consumo y de relaci\u00f3n entre personas agricultoras, ganaderas y consumidoras, fomentar la venta directa de productos agrarios y el consumo de alimentos de temporada, de cercan\u00eda y de calidad, han sido los objetivos de los dos Mercados Agrarios Transparentes que se han celebrado en Vitoria-Gasteiz. En ellos han participado m\u00e1s de cuarenta personas ofreciendo productos locales, algunos ecol\u00f3gicos, artesanos y de temporada tales como legumbres, hortalizas, frutos secos, queso, miel, huevos, embutidos, aceite, carne, vino, txakol\u00ed, reposter\u00eda casera, pan, mermeladas y zumos.<br \/>\nTambi\u00e9n hemos colaborado con otros mercados y ferias locales, en los que han participado nuestros productores, en el Congreso Miniature Pintxos, en la Feria de Santiago de Vitoria-Gasteiz, en la Feria de Productos de Calidad de Euskadi, en el Mercado de Navidad organizado por la Fundaci\u00f3n Vital y en el Mercado de Navidad organizado por Aenkomer.<br \/>\nEn el Mercado de Abastos de Vitoria-Gasteiz hemos organizado 30 experiencias gastron\u00f3micas dentro del proyecto \u201cUn productor, Un sabor\u201d, donde se han dado a conocer y degustado los productos de temporada de nuestra tierra en compa\u00f1\u00eda de las personas que los producen y transforman, porque la proximidad y el conocimiento de qui\u00e9n produce lo que comemos da un valor a\u00f1adido a nuestros alimentos.<\/p>\n<p><strong>Participamos en la Mesa de Seguimiento del Mercado de Santa B\u00e1rbara<\/strong><br \/>\nEn estas reuniones se han tratado asuntos como la normativa para la nueva convocatoria de puestos 2017-2020, la adjudicaci\u00f3n de puestos en el mercado, el proyecto de reforma integral de la plaza de Santa B\u00e1rbara (nueva ubicaci\u00f3n y traslado temporal por reforma), el proyecto de inspecciones en campo, la reventa de productos y los problemas de funcionamiento de mercado.<\/p>\n<h3>Y en 2018\u2026.<\/h3>\n<p>Buscaremos nuevas alternativas para promover otros modelos de consumo m\u00e1s cercanos.<br \/>\nFomentaremos la sensibilizaci\u00f3n en el consumidor sobre la importancia de la agricultura y ganader\u00eda local, en cuanto a que suministra alimentos de calidad y mantiene el entorno rural vivo.<\/p>\n","protected":false},"excerpt":{"rendered":"<p>La comercializaci\u00f3n y transformaci\u00f3n de nuestros productos es uno de los temas clave a futuro para nuestro sector, generar valor a\u00f1adido a nuestros productos es el gran reto. BASERRIKOA, nuevo etiquetado para el queso DO IDIAZABAL El etiquetado Baserrikoa, aprobado este a\u00f1o, proporcionar\u00e1 al consumidor informaci\u00f3n complementaria sobre los quesos elaborados en cada caser\u00edo exclusivamente [&hellip;]<\/p>\n","protected":false},"author":1,"featured_media":0,"parent":1339,"menu_order":0,"comment_status":"closed","ping_status":"closed","template":"","meta":{"footnotes":""},"yoast_head":"<!-- This site is optimized with the Yoast SEO plugin v21.5 - https:\/\/yoast.com\/wordpress\/plugins\/seo\/ -->\n<title>Merkaturatzea, sustapena eta eraldaketa - UAGA<\/title>\n<meta name=\"robots\" content=\"index, follow, max-snippet:-1, max-image-preview:large, max-video-preview:-1\" \/>\n<link rel=\"canonical\" href=\"https:\/\/www.uaga.eus\/servicios\/comercializacion-promocion-transformacion\/\" \/>\n<meta property=\"og:locale\" content=\"en_US\" \/>\n<meta property=\"og:type\" content=\"article\" \/>\n<meta property=\"og:title\" content=\"Merkaturatzea, sustapena eta eraldaketa - UAGA\" \/>\n<meta property=\"og:description\" content=\"La comercializaci\u00f3n y transformaci\u00f3n de nuestros productos es uno de los temas clave a futuro para nuestro sector, generar valor a\u00f1adido a nuestros productos es el gran reto. BASERRIKOA, nuevo etiquetado para el queso DO IDIAZABAL El etiquetado Baserrikoa, aprobado este a\u00f1o, proporcionar\u00e1 al consumidor informaci\u00f3n complementaria sobre los quesos elaborados en cada caser\u00edo exclusivamente [&hellip;]\" \/>\n<meta property=\"og:url\" content=\"https:\/\/www.uaga.eus\/servicios\/comercializacion-promocion-transformacion\/\" \/>\n<meta property=\"og:site_name\" content=\"UAGA\" \/>\n<meta property=\"article:modified_time\" content=\"2018-03-19T07:11:12+00:00\" \/>\n<meta name=\"twitter:card\" content=\"summary_large_image\" \/>\n<meta name=\"twitter:label1\" content=\"Est. reading time\" \/>\n\t<meta name=\"twitter:data1\" content=\"3 minutua\" \/>\n<script type=\"application\/ld+json\" class=\"yoast-schema-graph\">{\"@context\":\"https:\/\/schema.org\",\"@graph\":[{\"@type\":\"WebPage\",\"@id\":\"https:\/\/www.uaga.eus\/servicios\/comercializacion-promocion-transformacion\/\",\"url\":\"https:\/\/www.uaga.eus\/servicios\/comercializacion-promocion-transformacion\/\",\"name\":\"Merkaturatzea, sustapena eta eraldaketa - UAGA\",\"isPartOf\":{\"@id\":\"https:\/\/www.uaga.eus\/#website\"},\"datePublished\":\"2018-03-01T09:45:19+00:00\",\"dateModified\":\"2018-03-19T07:11:12+00:00\",\"breadcrumb\":{\"@id\":\"https:\/\/www.uaga.eus\/servicios\/comercializacion-promocion-transformacion\/#breadcrumb\"},\"inLanguage\":\"eu\",\"potentialAction\":[{\"@type\":\"ReadAction\",\"target\":[\"https:\/\/www.uaga.eus\/servicios\/comercializacion-promocion-transformacion\/\"]}]},{\"@type\":\"BreadcrumbList\",\"@id\":\"https:\/\/www.uaga.eus\/servicios\/comercializacion-promocion-transformacion\/#breadcrumb\",\"itemListElement\":[{\"@type\":\"ListItem\",\"position\":1,\"name\":\"Inicio\",\"item\":\"https:\/\/www.uaga.eus\/\"},{\"@type\":\"ListItem\",\"position\":2,\"name\":\"Servicios\",\"item\":\"https:\/\/www.uaga.eus\/servicios\/\"},{\"@type\":\"ListItem\",\"position\":3,\"name\":\"Comercializaci\u00f3n, promoci\u00f3n y transformaci\u00f3n\"}]},{\"@type\":\"WebSite\",\"@id\":\"https:\/\/www.uaga.eus\/#website\",\"url\":\"https:\/\/www.uaga.eus\/\",\"name\":\"UAGA\",\"description\":\"Uni\u00f3n Agroganadera de \u00c1lava - Araba Nekazarien Elkartea\",\"potentialAction\":[{\"@type\":\"SearchAction\",\"target\":{\"@type\":\"EntryPoint\",\"urlTemplate\":\"https:\/\/www.uaga.eus\/?s={search_term_string}\"},\"query-input\":\"required name=search_term_string\"}],\"inLanguage\":\"eu\"}]}<\/script>\n<!-- \/ Yoast SEO plugin. -->","yoast_head_json":{"title":"Merkaturatzea, sustapena eta eraldaketa - UAGA","robots":{"index":"index","follow":"follow","max-snippet":"max-snippet:-1","max-image-preview":"max-image-preview:large","max-video-preview":"max-video-preview:-1"},"canonical":"https:\/\/www.uaga.eus\/servicios\/comercializacion-promocion-transformacion\/","og_locale":"en_US","og_type":"article","og_title":"Merkaturatzea, sustapena eta eraldaketa - UAGA","og_description":"La comercializaci\u00f3n y transformaci\u00f3n de nuestros productos es uno de los temas clave a futuro para nuestro sector, generar valor a\u00f1adido a nuestros productos es el gran reto. BASERRIKOA, nuevo etiquetado para el queso DO IDIAZABAL El etiquetado Baserrikoa, aprobado este a\u00f1o, proporcionar\u00e1 al consumidor informaci\u00f3n complementaria sobre los quesos elaborados en cada caser\u00edo exclusivamente [&hellip;]","og_url":"https:\/\/www.uaga.eus\/servicios\/comercializacion-promocion-transformacion\/","og_site_name":"UAGA","article_modified_time":"2018-03-19T07:11:12+00:00","twitter_card":"summary_large_image","twitter_misc":{"Est. reading time":"3 minutua"},"schema":{"@context":"https:\/\/schema.org","@graph":[{"@type":"WebPage","@id":"https:\/\/www.uaga.eus\/servicios\/comercializacion-promocion-transformacion\/","url":"https:\/\/www.uaga.eus\/servicios\/comercializacion-promocion-transformacion\/","name":"Merkaturatzea, sustapena eta eraldaketa - UAGA","isPartOf":{"@id":"https:\/\/www.uaga.eus\/#website"},"datePublished":"2018-03-01T09:45:19+00:00","dateModified":"2018-03-19T07:11:12+00:00","breadcrumb":{"@id":"https:\/\/www.uaga.eus\/servicios\/comercializacion-promocion-transformacion\/#breadcrumb"},"inLanguage":"eu","potentialAction":[{"@type":"ReadAction","target":["https:\/\/www.uaga.eus\/servicios\/comercializacion-promocion-transformacion\/"]}]},{"@type":"BreadcrumbList","@id":"https:\/\/www.uaga.eus\/servicios\/comercializacion-promocion-transformacion\/#breadcrumb","itemListElement":[{"@type":"ListItem","position":1,"name":"Inicio","item":"https:\/\/www.uaga.eus\/"},{"@type":"ListItem","position":2,"name":"Servicios","item":"https:\/\/www.uaga.eus\/servicios\/"},{"@type":"ListItem","position":3,"name":"Comercializaci\u00f3n, promoci\u00f3n y transformaci\u00f3n"}]},{"@type":"WebSite","@id":"https:\/\/www.uaga.eus\/#website","url":"https:\/\/www.uaga.eus\/","name":"UAGA","description":"Uni\u00f3n Agroganadera de \u00c1lava - Araba Nekazarien Elkartea","potentialAction":[{"@type":"SearchAction","target":{"@type":"EntryPoint","urlTemplate":"https:\/\/www.uaga.eus\/?s={search_term_string}"},"query-input":"required name=search_term_string"}],"inLanguage":"eu"}]}},"_links":{"self":[{"href":"https:\/\/www.uaga.eus\/eu\/wp-json\/wp\/v2\/pages\/1355"}],"collection":[{"href":"https:\/\/www.uaga.eus\/eu\/wp-json\/wp\/v2\/pages"}],"about":[{"href":"https:\/\/www.uaga.eus\/eu\/wp-json\/wp\/v2\/types\/page"}],"author":[{"embeddable":true,"href":"https:\/\/www.uaga.eus\/eu\/wp-json\/wp\/v2\/users\/1"}],"replies":[{"embeddable":true,"href":"https:\/\/www.uaga.eus\/eu\/wp-json\/wp\/v2\/comments?post=1355"}],"version-history":[{"count":5,"href":"https:\/\/www.uaga.eus\/eu\/wp-json\/wp\/v2\/pages\/1355\/revisions"}],"predecessor-version":[{"id":2441,"href":"https:\/\/www.uaga.eus\/eu\/wp-json\/wp\/v2\/pages\/1355\/revisions\/2441"}],"up":[{"embeddable":true,"href":"https:\/\/www.uaga.eus\/eu\/wp-json\/wp\/v2\/pages\/1339"}],"wp:attachment":[{"href":"https:\/\/www.uaga.eus\/eu\/wp-json\/wp\/v2\/media?parent=1355"}],"curies":[{"name":"wp","href":"https:\/\/api.w.org\/{rel}","templated":true}]}}